{"id":232,"date":"2017-01-16T04:31:24","date_gmt":"2017-01-16T04:31:24","guid":{"rendered":"http:\/\/utamed.uta.cl\/portafoliosDM\/?page_id=232"},"modified":"2017-12-01T11:43:44","modified_gmt":"2017-12-01T11:43:44","slug":"nacionales","status":"publish","type":"page","link":"https:\/\/edit.uta.cl\/portafoliosDM\/index.php\/nacionales\/","title":{"rendered":"Nacionales"},"content":{"rendered":"\t\t<div data-elementor-type=\"wp-post\" data-elementor-id=\"232\" class=\"elementor elementor-232 elementor-bc-flex-widget\" data-elementor-post-type=\"page\">\n\t\t\t\t\t\t<section class=\"elementor-section elementor-top-section elementor-element elementor-element-e91 elementor-section-stretched elementor-section-boxed elementor-section-height-default elementor-section-height-default\" data-id=\"e91\" data-element_type=\"section\" data-settings=\"{&quot;stretch_section&quot;:&quot;section-stretched&quot;}\">\n\t\t\t\t\t\t<div class=\"elementor-container elementor-column-gap-default\">\n\t\t\t\t\t<div class=\"elementor-column elementor-col-50 elementor-top-column elementor-element elementor-element-d59\" data-id=\"d59\" data-element_type=\"column\">\n\t\t\t<div class=\"elementor-widget-wrap elementor-element-populated\">\n\t\t\t\t\t\t<section class=\"elementor-section elementor-inner-section elementor-element elementor-element-1da0 elementor-section-boxed elementor-section-height-default elementor-section-height-default\" data-id=\"1da0\" data-element_type=\"section\" data-settings=\"{&quot;background_background&quot;:&quot;classic&quot;}\">\n\t\t\t\t\t\t<div class=\"elementor-container elementor-column-gap-default\">\n\t\t\t\t\t<div class=\"elementor-column elementor-col-50 elementor-inner-column elementor-element elementor-element-1234\" data-id=\"1234\" data-element_type=\"column\">\n\t\t\t<div class=\"elementor-widget-wrap elementor-element-populated\">\n\t\t\t\t\t\t<div class=\"elementor-element elementor-element-1107 elementor-widget elementor-widget-image\" data-id=\"1107\" data-element_type=\"widget\" data-widget_type=\"image.default\">\n\t\t\t\t<div class=\"elementor-widget-container\">\n\t\t\t\t\t\t\t\t\t\t\t\t\t\t\t<img fetchpriority=\"high\" decoding=\"async\" width=\"940\" height=\"940\" src=\"https:\/\/edit.uta.cl\/portafoliosDM\/wp-content\/uploads\/2017\/01\/UCN.png\" class=\"attachment-large size-large wp-image-238\" alt=\"\" srcset=\"https:\/\/edit.uta.cl\/portafoliosDM\/wp-content\/uploads\/2017\/01\/UCN.png 956w, https:\/\/edit.uta.cl\/portafoliosDM\/wp-content\/uploads\/2017\/01\/UCN-150x150.png 150w, https:\/\/edit.uta.cl\/portafoliosDM\/wp-content\/uploads\/2017\/01\/UCN-300x300.png 300w, https:\/\/edit.uta.cl\/portafoliosDM\/wp-content\/uploads\/2017\/01\/UCN-768x768.png 768w\" sizes=\"(max-width: 940px) 100vw, 940px\" \/>\t\t\t\t\t\t\t\t\t\t\t\t\t\t\t<\/div>\n\t\t\t\t<\/div>\n\t\t\t\t\t<\/div>\n\t\t<\/div>\n\t\t\t\t<div class=\"elementor-column elementor-col-50 elementor-inner-column elementor-element elementor-element-36a3\" data-id=\"36a3\" data-element_type=\"column\">\n\t\t\t<div class=\"elementor-widget-wrap elementor-element-populated\">\n\t\t\t\t\t\t<div class=\"elementor-element elementor-element-485d elementor-widget elementor-widget-heading\" data-id=\"485d\" data-element_type=\"widget\" data-widget_type=\"heading.default\">\n\t\t\t\t<div class=\"elementor-widget-container\">\n\t\t\t\t\t<h2 class=\"elementor-heading-title elementor-size-default\">UNIVERSIDAD CAT\u00d3LICA DEL NORTE<\/h2>\t\t\t\t<\/div>\n\t\t\t\t<\/div>\n\t\t\t\t<div class=\"elementor-element elementor-element-55d2 elementor-widget elementor-widget-text-editor\" data-id=\"55d2\" data-element_type=\"widget\" data-widget_type=\"text-editor.default\">\n\t\t\t\t<div class=\"elementor-widget-container\">\n\t\t\t\t\t\t\t\t\t<p><strong>CHRISTIAN PEREZ SANTANA<\/strong><br \/> Coordinaci\u00f3n de Innovaci\u00f3n Pedag\u00f3gica y Tecnol\u00f3gica<br \/> (55) 2 355 552<\/p>\t\t\t\t\t\t\t\t<\/div>\n\t\t\t\t<\/div>\n\t\t\t\t\t<\/div>\n\t\t<\/div>\n\t\t\t\t\t<\/div>\n\t\t<\/section>\n\t\t\t\t\t<\/div>\n\t\t<\/div>\n\t\t\t\t<div class=\"elementor-column elementor-col-50 elementor-top-column elementor-element elementor-element-b8\" data-id=\"b8\" data-element_type=\"column\">\n\t\t\t<div class=\"elementor-widget-wrap elementor-element-populated\">\n\t\t\t\t\t\t<section class=\"elementor-section elementor-inner-section elementor-element elementor-element-571b elementor-section-boxed elementor-section-height-default elementor-section-height-default\" data-id=\"571b\" data-element_type=\"section\" data-settings=\"{&quot;background_background&quot;:&quot;classic&quot;}\">\n\t\t\t\t\t\t<div class=\"elementor-container elementor-column-gap-default\">\n\t\t\t\t\t<div class=\"elementor-column elementor-col-50 elementor-inner-column elementor-element elementor-element-19ff\" data-id=\"19ff\" data-element_type=\"column\">\n\t\t\t<div class=\"elementor-widget-wrap elementor-element-populated\">\n\t\t\t\t\t\t<div class=\"elementor-element elementor-element-7d1e elementor-widget elementor-widget-image\" data-id=\"7d1e\" data-element_type=\"widget\" data-widget_type=\"image.default\">\n\t\t\t\t<div class=\"elementor-widget-container\">\n\t\t\t\t\t\t\t\t\t\t\t\t\t\t\t<img decoding=\"async\" width=\"117\" height=\"150\" src=\"https:\/\/edit.uta.cl\/portafoliosDM\/wp-content\/uploads\/2017\/01\/Consayving.png\" class=\"attachment-large size-large wp-image-245\" alt=\"\" \/>\t\t\t\t\t\t\t\t\t\t\t\t\t\t\t<\/div>\n\t\t\t\t<\/div>\n\t\t\t\t\t<\/div>\n\t\t<\/div>\n\t\t\t\t<div class=\"elementor-column elementor-col-50 elementor-inner-column elementor-element elementor-element-4d2a\" data-id=\"4d2a\" data-element_type=\"column\">\n\t\t\t<div class=\"elementor-widget-wrap elementor-element-populated\">\n\t\t\t\t\t\t<div class=\"elementor-element elementor-element-73cc elementor-widget elementor-widget-heading\" data-id=\"73cc\" data-element_type=\"widget\" data-widget_type=\"heading.default\">\n\t\t\t\t<div class=\"elementor-widget-container\">\n\t\t\t\t\t<h2 class=\"elementor-heading-title elementor-size-default\">CONSAYVING LTDA.\n\n<\/h2>\t\t\t\t<\/div>\n\t\t\t\t<\/div>\n\t\t\t\t<div class=\"elementor-element elementor-element-2615 elementor-widget elementor-widget-text-editor\" data-id=\"2615\" data-element_type=\"widget\" data-widget_type=\"text-editor.default\">\n\t\t\t\t<div class=\"elementor-widget-container\">\n\t\t\t\t\t\t\t\t\t<p><strong>JUAN CARLOS AGUILERA CORTES<\/strong><br \/> Gerente General<br \/> jcaguilera@consayving.cl<br \/> 9 7730 9188<\/p>\t\t\t\t\t\t\t\t<\/div>\n\t\t\t\t<\/div>\n\t\t\t\t\t<\/div>\n\t\t<\/div>\n\t\t\t\t\t<\/div>\n\t\t<\/section>\n\t\t\t\t\t<\/div>\n\t\t<\/div>\n\t\t\t\t\t<\/div>\n\t\t<\/section>\n\t\t\t\t<section class=\"elementor-section elementor-top-section elementor-element elementor-element-61e6f5d elementor-section-stretched elementor-section-boxed elementor-section-height-default elementor-section-height-default\" data-id=\"61e6f5d\" data-element_type=\"section\" data-settings=\"{&quot;stretch_section&quot;:&quot;section-stretched&quot;}\">\n\t\t\t\t\t\t<div class=\"elementor-container elementor-column-gap-default\">\n\t\t\t\t\t<div class=\"elementor-column elementor-col-50 elementor-top-column elementor-element elementor-element-bd7f763\" data-id=\"bd7f763\" data-element_type=\"column\">\n\t\t\t<div class=\"elementor-widget-wrap elementor-element-populated\">\n\t\t\t\t\t\t<section class=\"elementor-section elementor-inner-section elementor-element elementor-element-1c415f7 elementor-section-boxed elementor-section-height-default elementor-section-height-default\" data-id=\"1c415f7\" data-element_type=\"section\" data-settings=\"{&quot;background_background&quot;:&quot;classic&quot;}\">\n\t\t\t\t\t\t<div class=\"elementor-container elementor-column-gap-default\">\n\t\t\t\t\t<div class=\"elementor-column elementor-col-50 elementor-inner-column elementor-element elementor-element-2c71b68\" data-id=\"2c71b68\" data-element_type=\"column\">\n\t\t\t<div class=\"elementor-widget-wrap elementor-element-populated\">\n\t\t\t\t\t\t<div class=\"elementor-element elementor-element-a81346f elementor-widget elementor-widget-image\" data-id=\"a81346f\" data-element_type=\"widget\" data-widget_type=\"image.default\">\n\t\t\t\t<div class=\"elementor-widget-container\">\n\t\t\t\t\t\t\t\t\t\t\t\t\t\t\t<img decoding=\"async\" width=\"160\" height=\"48\" src=\"https:\/\/edit.uta.cl\/portafoliosDM\/wp-content\/uploads\/2017\/01\/Alvarez-Castelli.png\" class=\"attachment-large size-large wp-image-241\" alt=\"\" \/>\t\t\t\t\t\t\t\t\t\t\t\t\t\t\t<\/div>\n\t\t\t\t<\/div>\n\t\t\t\t\t<\/div>\n\t\t<\/div>\n\t\t\t\t<div class=\"elementor-column elementor-col-50 elementor-inner-column elementor-element elementor-element-7925a4a\" data-id=\"7925a4a\" data-element_type=\"column\">\n\t\t\t<div class=\"elementor-widget-wrap elementor-element-populated\">\n\t\t\t\t\t\t<div class=\"elementor-element elementor-element-4ca91ae elementor-widget elementor-widget-heading\" data-id=\"4ca91ae\" data-element_type=\"widget\" data-widget_type=\"heading.default\">\n\t\t\t\t<div class=\"elementor-widget-container\">\n\t\t\t\t\t<h2 class=\"elementor-heading-title elementor-size-default\">ALVAREZ CASTELLI\n\n<\/h2>\t\t\t\t<\/div>\n\t\t\t\t<\/div>\n\t\t\t\t<div class=\"elementor-element elementor-element-6b4322e elementor-widget elementor-widget-text-editor\" data-id=\"6b4322e\" data-element_type=\"widget\" data-widget_type=\"text-editor.default\">\n\t\t\t\t<div class=\"elementor-widget-container\">\n\t\t\t\t\t\t\t\t\t<p><strong>MARCELO \u00c1LVAREZ BRAVO<\/strong><br \/> Jefe de Proyectos<br \/> marcelo@alvarezcastelli.cl<br \/> 9 9979 5138<\/p>\t\t\t\t\t\t\t\t<\/div>\n\t\t\t\t<\/div>\n\t\t\t\t\t<\/div>\n\t\t<\/div>\n\t\t\t\t\t<\/div>\n\t\t<\/section>\n\t\t\t\t\t<\/div>\n\t\t<\/div>\n\t\t\t\t<div class=\"elementor-column elementor-col-50 elementor-top-column elementor-element elementor-element-7390535\" data-id=\"7390535\" data-element_type=\"column\">\n\t\t\t<div class=\"elementor-widget-wrap elementor-element-populated\">\n\t\t\t\t\t\t<section class=\"elementor-section elementor-inner-section elementor-element elementor-element-90f9a2e elementor-section-boxed elementor-section-height-default elementor-section-height-default\" data-id=\"90f9a2e\" data-element_type=\"section\" data-settings=\"{&quot;background_background&quot;:&quot;classic&quot;}\">\n\t\t\t\t\t\t<div class=\"elementor-container elementor-column-gap-default\">\n\t\t\t\t\t<div class=\"elementor-column elementor-col-50 elementor-inner-column elementor-element elementor-element-6164557\" data-id=\"6164557\" data-element_type=\"column\">\n\t\t\t<div class=\"elementor-widget-wrap elementor-element-populated\">\n\t\t\t\t\t\t<div class=\"elementor-element elementor-element-f5aa6a3 elementor-widget elementor-widget-image\" data-id=\"f5aa6a3\" data-element_type=\"widget\" data-widget_type=\"image.default\">\n\t\t\t\t<div class=\"elementor-widget-container\">\n\t\t\t\t\t\t\t\t\t\t\t\t\t\t\t<img loading=\"lazy\" decoding=\"async\" width=\"552\" height=\"206\" src=\"https:\/\/edit.uta.cl\/portafoliosDM\/wp-content\/uploads\/2017\/01\/Facilisimo.png\" class=\"attachment-large size-large wp-image-234\" alt=\"\" srcset=\"https:\/\/edit.uta.cl\/portafoliosDM\/wp-content\/uploads\/2017\/01\/Facilisimo.png 552w, https:\/\/edit.uta.cl\/portafoliosDM\/wp-content\/uploads\/2017\/01\/Facilisimo-300x112.png 300w\" sizes=\"(max-width: 552px) 100vw, 552px\" \/>\t\t\t\t\t\t\t\t\t\t\t\t\t\t\t<\/div>\n\t\t\t\t<\/div>\n\t\t\t\t\t<\/div>\n\t\t<\/div>\n\t\t\t\t<div class=\"elementor-column elementor-col-50 elementor-inner-column elementor-element elementor-element-7202544\" data-id=\"7202544\" data-element_type=\"column\">\n\t\t\t<div class=\"elementor-widget-wrap elementor-element-populated\">\n\t\t\t\t\t\t<div class=\"elementor-element elementor-element-e32b28f elementor-widget elementor-widget-heading\" data-id=\"e32b28f\" data-element_type=\"widget\" data-widget_type=\"heading.default\">\n\t\t\t\t<div class=\"elementor-widget-container\">\n\t\t\t\t\t<h2 class=\"elementor-heading-title elementor-size-default\">ACADEMIA DE MANUALIDADES FACILIS\u00cdMO\n<\/h2>\t\t\t\t<\/div>\n\t\t\t\t<\/div>\n\t\t\t\t<div class=\"elementor-element elementor-element-15fe60c elementor-widget elementor-widget-text-editor\" data-id=\"15fe60c\" data-element_type=\"widget\" data-widget_type=\"text-editor.default\">\n\t\t\t\t<div class=\"elementor-widget-container\">\n\t\t\t\t\t\t\t\t\t<p><strong>MARCELO GONZ\u00c1LEZ BLASKOVIC<\/strong><br \/> Director<br \/> 9 7889 5280<\/p>\t\t\t\t\t\t\t\t<\/div>\n\t\t\t\t<\/div>\n\t\t\t\t\t<\/div>\n\t\t<\/div>\n\t\t\t\t\t<\/div>\n\t\t<\/section>\n\t\t\t\t\t<\/div>\n\t\t<\/div>\n\t\t\t\t\t<\/div>\n\t\t<\/section>\n\t\t\t\t<\/div>\n\t\t","protected":false},"excerpt":{"rendered":"<p>UNIVERSIDAD CAT\u00d3LICA DEL NORTE CHRISTIAN PEREZ SANTANA Coordinaci\u00f3n de Innovaci\u00f3n Pedag\u00f3gica y Tecnol\u00f3gica (55) 2 355 552 CONSAYVING LTDA. JUAN CARLOS AGUILERA CORTES Gerente General jcaguilera@consayving.cl 9 7730 9188 ALVAREZ CASTELLI MARCELO \u00c1LVAREZ BRAVO Jefe de Proyectos marcelo@alvarezcastelli.cl 9 9979 5138 ACADEMIA DE MANUALIDADES FACILIS\u00cdMO MARCELO GONZ\u00c1LEZ BLASKOVIC Director 9 7889 5280<\/p>\n","protected":false},"author":1,"featured_media":0,"parent":0,"menu_order":0,"comment_status":"closed","ping_status":"closed","template":"","meta":{"footnotes":""},"class_list":["post-232","page","type-page","status-publish","hentry"],"_links":{"self":[{"href":"https:\/\/edit.uta.cl\/portafoliosDM\/index.php\/wp-json\/wp\/v2\/pages\/232"}],"collection":[{"href":"https:\/\/edit.uta.cl\/portafoliosDM\/index.php\/wp-json\/wp\/v2\/pages"}],"about":[{"href":"https:\/\/edit.uta.cl\/portafoliosDM\/index.php\/wp-json\/wp\/v2\/types\/page"}],"author":[{"embeddable":true,"href":"https:\/\/edit.uta.cl\/portafoliosDM\/index.php\/wp-json\/wp\/v2\/users\/1"}],"replies":[{"embeddable":true,"href":"https:\/\/edit.uta.cl\/portafoliosDM\/index.php\/wp-json\/wp\/v2\/comments?post=232"}],"version-history":[{"count":11,"href":"https:\/\/edit.uta.cl\/portafoliosDM\/index.php\/wp-json\/wp\/v2\/pages\/232\/revisions"}],"predecessor-version":[{"id":1153,"href":"https:\/\/edit.uta.cl\/portafoliosDM\/index.php\/wp-json\/wp\/v2\/pages\/232\/revisions\/1153"}],"wp:attachment":[{"href":"https:\/\/edit.uta.cl\/portafoliosDM\/index.php\/wp-json\/wp\/v2\/media?parent=232"}],"curies":[{"name":"wp","href":"https:\/\/api.w.org\/{rel}","templated":true}]}}