{"id":156,"date":"2018-12-11T13:09:43","date_gmt":"2018-12-11T13:09:43","guid":{"rendered":"http:\/\/utamed.uta.cl\/dm\/?page_id=156"},"modified":"2026-01-06T12:26:58","modified_gmt":"2026-01-06T12:26:58","slug":"la-carrera","status":"publish","type":"page","link":"https:\/\/edit.uta.cl\/dm\/index.php\/la-carrera\/","title":{"rendered":"La Carrera"},"content":{"rendered":"\t\t<div data-elementor-type=\"wp-post\" data-elementor-id=\"156\" class=\"elementor elementor-156\" data-elementor-post-type=\"page\">\n\t\t\t\t<div class=\"elementor-element elementor-element-12928ce e-flex e-con-boxed e-con e-parent\" data-id=\"12928ce\" data-element_type=\"container\" data-e-type=\"container\" data-settings=\"{&quot;background_background&quot;:&quot;slideshow&quot;,&quot;background_slideshow_ken_burns&quot;:&quot;yes&quot;,&quot;background_slideshow_gallery&quot;:[{&quot;id&quot;:3470,&quot;url&quot;:&quot;http:\\\/\\\/edit.uta.cl\\\/dm\\\/wp-content\\\/uploads\\\/2025\\\/08\\\/img-20.jpg&quot;},{&quot;id&quot;:3467,&quot;url&quot;:&quot;http:\\\/\\\/edit.uta.cl\\\/dm\\\/wp-content\\\/uploads\\\/2025\\\/08\\\/img-17.jpg&quot;},{&quot;id&quot;:3456,&quot;url&quot;:&quot;http:\\\/\\\/edit.uta.cl\\\/dm\\\/wp-content\\\/uploads\\\/2025\\\/08\\\/img-06.jpg&quot;},{&quot;id&quot;:3468,&quot;url&quot;:&quot;http:\\\/\\\/edit.uta.cl\\\/dm\\\/wp-content\\\/uploads\\\/2025\\\/08\\\/img-18.jpg&quot;}],&quot;background_slideshow_loop&quot;:&quot;yes&quot;,&quot;background_slideshow_slide_duration&quot;:5000,&quot;background_slideshow_slide_transition&quot;:&quot;fade&quot;,&quot;background_slideshow_transition_duration&quot;:500,&quot;background_slideshow_ken_burns_zoom_direction&quot;:&quot;in&quot;}\">\n\t\t\t\t\t<div class=\"e-con-inner\">\n\t\t<div class=\"elementor-element elementor-element-8016d68 e-con-full e-flex e-con e-child\" data-id=\"8016d68\" data-element_type=\"container\" data-e-type=\"container\" data-settings=\"{&quot;background_background&quot;:&quot;classic&quot;}\">\n\t\t\t\t<div class=\"elementor-element elementor-element-2ed8437 elementor-widget elementor-widget-heading\" data-id=\"2ed8437\" data-element_type=\"widget\" data-e-type=\"widget\" data-widget_type=\"heading.default\">\n\t\t\t\t<div class=\"elementor-widget-container\">\n\t\t\t\t\t<h2 class=\"elementor-heading-title elementor-size-default\">Sobre DM<\/h2>\t\t\t\t<\/div>\n\t\t\t\t<\/div>\n\t\t\t\t<div class=\"elementor-element elementor-element-144b6e2 elementor-widget-divider--view-line elementor-widget elementor-widget-divider\" data-id=\"144b6e2\" data-element_type=\"widget\" data-e-type=\"widget\" data-widget_type=\"divider.default\">\n\t\t\t\t<div class=\"elementor-widget-container\">\n\t\t\t\t\t\t\t<div class=\"elementor-divider\">\n\t\t\t<span class=\"elementor-divider-separator\">\n\t\t\t\t\t\t<\/span>\n\t\t<\/div>\n\t\t\t\t\t\t<\/div>\n\t\t\t\t<\/div>\n\t\t\t\t<\/div>\n\t\t\t\t\t<\/div>\n\t\t\t\t<\/div>\n\t\t<div class=\"elementor-element elementor-element-007c66b e-flex e-con-boxed e-con e-parent\" data-id=\"007c66b\" data-element_type=\"container\" data-e-type=\"container\" data-settings=\"{&quot;background_background&quot;:&quot;classic&quot;}\">\n\t\t\t\t\t<div class=\"e-con-inner\">\n\t\t<div class=\"elementor-element elementor-element-e5a3428 e-con-full e-flex e-con e-child\" data-id=\"e5a3428\" data-element_type=\"container\" data-e-type=\"container\">\n\t\t<div class=\"elementor-element elementor-element-328203a e-con-full e-flex e-con e-child\" data-id=\"328203a\" data-element_type=\"container\" data-e-type=\"container\" data-settings=\"{&quot;background_background&quot;:&quot;classic&quot;}\">\n\t\t\t\t<div class=\"elementor-element elementor-element-bed88d7 elementor-widget elementor-widget-heading\" data-id=\"bed88d7\" data-element_type=\"widget\" data-e-type=\"widget\" data-widget_type=\"heading.default\">\n\t\t\t\t<div class=\"elementor-widget-container\">\n\t\t\t\t\t<h2 class=\"elementor-heading-title elementor-size-default\">Misi\u00f3n y visi\u00f3n<\/h2>\t\t\t\t<\/div>\n\t\t\t\t<\/div>\n\t\t<div class=\"elementor-element elementor-element-664135b e-con-full e-flex e-con e-child\" data-id=\"664135b\" data-element_type=\"container\" data-e-type=\"container\">\n\t\t\t\t<div class=\"elementor-element elementor-element-0e772ad elementor-widget elementor-widget-text-editor\" data-id=\"0e772ad\" data-element_type=\"widget\" data-e-type=\"widget\" data-widget_type=\"text-editor.default\">\n\t\t\t\t<div class=\"elementor-widget-container\">\n\t\t\t\t\t\t\t\t\t<p>La <b>Misi\u00f3n<\/b> de la Carrera Dise\u00f1o Multimedia es la formaci\u00f3n de profesionales integrales y creativos, con conocimientos, habilidades y destrezas en el dise\u00f1o, desarrollo y direcci\u00f3n de proyectos innovadores para crear productos multimedia, en un mercado laboral cambiante y globalizado.<\/p>\t\t\t\t\t\t\t\t<\/div>\n\t\t\t\t<\/div>\n\t\t\t\t<div class=\"elementor-element elementor-element-b9465ba elementor-widget elementor-widget-text-editor\" data-id=\"b9465ba\" data-element_type=\"widget\" data-e-type=\"widget\" data-widget_type=\"text-editor.default\">\n\t\t\t\t<div class=\"elementor-widget-container\">\n\t\t\t\t\t\t\t\t\t<div class=\"entry-content\"><p>La <b>Visi\u00f3n<\/b> de la Carrera Dise\u00f1o Multimedia es ser un referente acad\u00e9mico en la formaci\u00f3n de profesionales innovadores en el \u00e1rea del dise\u00f1o, capaces de realizar proyectos multimediales interactivos, que contribuyan al desarrollo de la regi\u00f3n de Arica\u2013Parinacota y el pa\u00eds.<\/p><\/div>\t\t\t\t\t\t\t\t<\/div>\n\t\t\t\t<\/div>\n\t\t\t\t<\/div>\n\t\t\t\t<\/div>\n\t\t<div class=\"elementor-element elementor-element-456a84a e-con-full e-flex e-con e-child\" data-id=\"456a84a\" data-element_type=\"container\" data-e-type=\"container\" data-settings=\"{&quot;background_background&quot;:&quot;classic&quot;}\">\n\t\t\t\t<div class=\"elementor-element elementor-element-6d72309 elementor-widget elementor-widget-heading\" data-id=\"6d72309\" data-element_type=\"widget\" data-e-type=\"widget\" data-widget_type=\"heading.default\">\n\t\t\t\t<div class=\"elementor-widget-container\">\n\t\t\t\t\t<h2 class=\"elementor-heading-title elementor-size-default\">Perfil de egreso<\/h2>\t\t\t\t<\/div>\n\t\t\t\t<\/div>\n\t\t<div class=\"elementor-element elementor-element-62b74e9 e-con-full e-flex e-con e-child\" data-id=\"62b74e9\" data-element_type=\"container\" data-e-type=\"container\">\n\t\t\t\t<div class=\"elementor-element elementor-element-6e434d2 elementor-widget elementor-widget-text-editor\" data-id=\"6e434d2\" data-element_type=\"widget\" data-e-type=\"widget\" data-widget_type=\"text-editor.default\">\n\t\t\t\t<div class=\"elementor-widget-container\">\n\t\t\t\t\t\t\t\t\t<p>El Dise\u00f1ador Multimedia de la Universidad de Tarapac\u00e1 es un profesional dotado de competencias comunicativas en espa\u00f1ol e ingl\u00e9s, conocimientos, habilidades y valores human\u00edsticos y ciudadanos, para aplicar, dise\u00f1ar y producir mensajes visuales, multimediales comunicacionales y\/o educativos con TIC. Es un profesional creativo, \u00e9tico, emprendedor, aut\u00f3nomo y con iniciativa personal capacitado para satisfacer las necesidades de la sociedad y de un mercado laboral cambiante en un mundo globalizado. Lidera equipos de trabajo, innova con TIC y se integra a grupos interdisciplinarios. Es capaz de comprender de manera cr\u00edtica y anal\u00edticamente la compleja trama cultural del contexto en el que se desenvuelve, desarrollando proyectos profesionales contextualizados en la interculturalidad y el compromiso en el \u00e1mbito educacional o comunicacional.<\/p><p>El Dise\u00f1ador Multimedia de la Universidad de Tarapac\u00e1 se desempe\u00f1a en las siguientes \u00e1reas de especialidad: Dise\u00f1o, Multimedia, Comunicaci\u00f3n Audiovisual, profesional y complementarias. Las cuales en forma general incorporan conocimientos, habilidades y actitudes para dise\u00f1ar, desarrollar y dirigir proyectos multimedia que permiten la soluci\u00f3n de problemas en campos tan diversos como el e-learning, la programaci\u00f3n, los videojuegos, la animaci\u00f3n 3D, el dise\u00f1o gr\u00e1fico y la comunicaci\u00f3n audiovisual con un car\u00e1cter art\u00edstico con sensibilidad est\u00e9tica, comunicaci\u00f3n efectiva y patrones multimediales est\u00e1ndares en contextos educacionales y comunicacionales de manera te\u00f3rica y pr\u00e1ctica.<\/p><p>El Dise\u00f1ador Multimedia de la Universidad de Tarapac\u00e1 adquiere un dominio de competencias gen\u00e9ricas y de rango institucional relacionado a las \u00e1reas humanista, transversal y n\u00facleos b\u00e1sicos.<\/p>\t\t\t\t\t\t\t\t<\/div>\n\t\t\t\t<\/div>\n\t\t\t\t<\/div>\n\t\t\t\t<\/div>\n\t\t<div class=\"elementor-element elementor-element-dc25020 e-con-full e-flex e-con e-child\" data-id=\"dc25020\" data-element_type=\"container\" data-e-type=\"container\" data-settings=\"{&quot;background_background&quot;:&quot;classic&quot;}\">\n\t\t\t\t<div class=\"elementor-element elementor-element-7b8364f elementor-widget elementor-widget-heading\" data-id=\"7b8364f\" data-element_type=\"widget\" data-e-type=\"widget\" data-widget_type=\"heading.default\">\n\t\t\t\t<div class=\"elementor-widget-container\">\n\t\t\t\t\t<h2 class=\"elementor-heading-title elementor-size-default\">Malla curricular<\/h2>\t\t\t\t<\/div>\n\t\t\t\t<\/div>\n\t\t<div class=\"elementor-element elementor-element-28dfa31 e-con-full e-flex e-con e-child\" data-id=\"28dfa31\" data-element_type=\"container\" data-e-type=\"container\">\n\t\t\t\t<div class=\"elementor-element elementor-element-d4c7296 elementor-icon-list--layout-traditional elementor-list-item-link-full_width elementor-widget elementor-widget-icon-list\" data-id=\"d4c7296\" data-element_type=\"widget\" data-e-type=\"widget\" data-widget_type=\"icon-list.default\">\n\t\t\t\t<div class=\"elementor-widget-container\">\n\t\t\t\t\t\t\t<ul class=\"elementor-icon-list-items\">\n\t\t\t\t\t\t\t<li class=\"elementor-icon-list-item\">\n\t\t\t\t\t\t\t\t\t\t\t<span class=\"elementor-icon-list-icon\">\n\t\t\t\t\t\t\t<svg aria-hidden=\"true\" class=\"e-font-icon-svg e-fas-chevron-right\" viewBox=\"0 0 320 512\" xmlns=\"http:\/\/www.w3.org\/2000\/svg\"><path d=\"M285.476 272.971L91.132 467.314c-9.373 9.373-24.569 9.373-33.941 0l-22.667-22.667c-9.357-9.357-9.375-24.522-.04-33.901L188.505 256 34.484 101.255c-9.335-9.379-9.317-24.544.04-33.901l22.667-22.667c9.373-9.373 24.569-9.373 33.941 0L285.475 239.03c9.373 9.372 9.373 24.568.001 33.941z\"><\/path><\/svg>\t\t\t\t\t\t<\/span>\n\t\t\t\t\t\t\t\t\t\t<span class=\"elementor-icon-list-text\">Dise\u00f1ador\/a Comunicacional Multimedia<\/span>\n\t\t\t\t\t\t\t\t\t<\/li>\n\t\t\t\t\t\t\t\t<li class=\"elementor-icon-list-item\">\n\t\t\t\t\t\t\t\t\t\t\t<span class=\"elementor-icon-list-icon\">\n\t\t\t\t\t\t\t<svg aria-hidden=\"true\" class=\"e-font-icon-svg e-fas-chevron-right\" viewBox=\"0 0 320 512\" xmlns=\"http:\/\/www.w3.org\/2000\/svg\"><path d=\"M285.476 272.971L91.132 467.314c-9.373 9.373-24.569 9.373-33.941 0l-22.667-22.667c-9.357-9.357-9.375-24.522-.04-33.901L188.505 256 34.484 101.255c-9.335-9.379-9.317-24.544.04-33.901l22.667-22.667c9.373-9.373 24.569-9.373 33.941 0L285.475 239.03c9.373 9.372 9.373 24.568.001 33.941z\"><\/path><\/svg>\t\t\t\t\t\t<\/span>\n\t\t\t\t\t\t\t\t\t\t<span class=\"elementor-icon-list-text\">Dise\u00f1ador\/a Educativo\/a Multimedia<\/span>\n\t\t\t\t\t\t\t\t\t<\/li>\n\t\t\t\t\t\t<\/ul>\n\t\t\t\t\t\t<\/div>\n\t\t\t\t<\/div>\n\t\t\t\t<div class=\"elementor-element elementor-element-0b72b24 elementor-align-left elementor-widget elementor-widget-button\" data-id=\"0b72b24\" data-element_type=\"widget\" data-e-type=\"widget\" data-widget_type=\"button.default\">\n\t\t\t\t<div class=\"elementor-widget-container\">\n\t\t\t\t\t\t\t\t\t<div class=\"elementor-button-wrapper\">\n\t\t\t\t\t<a class=\"elementor-button elementor-button-link elementor-size-xs\" href=\"http:\/\/edit.uta.cl\/dm\/wp-content\/uploads\/2025\/11\/Malla-Diseno-Multimedia-2025.pdf\" target=\"_blank\">\n\t\t\t\t\t\t<span class=\"elementor-button-content-wrapper\">\n\t\t\t\t\t\t\t\t\t<span class=\"elementor-button-text\">Malla curricular .PDF<\/span>\n\t\t\t\t\t<\/span>\n\t\t\t\t\t<\/a>\n\t\t\t\t<\/div>\n\t\t\t\t\t\t\t\t<\/div>\n\t\t\t\t<\/div>\n\t\t\t\t<\/div>\n\t\t\t\t<\/div>\n\t\t\t\t<\/div>\n\t\t\t\t\t<\/div>\n\t\t\t\t<\/div>\n\t\t\t\t<\/div>\n\t\t","protected":false},"excerpt":{"rendered":"<p>Sobre DM Misi\u00f3n y visi\u00f3n La Misi\u00f3n de la Carrera Dise\u00f1o Multimedia es la formaci\u00f3n de profesionales integrales y creativos, con conocimientos, habilidades y destrezas en el dise\u00f1o, desarrollo y direcci\u00f3n de proyectos innovadores para crear productos multimedia, en un mercado laboral cambiante y globalizado. La Visi\u00f3n de la Carrera Dise\u00f1o Multimedia es ser un [&hellip;]<\/p>\n","protected":false},"author":1,"featured_media":0,"parent":0,"menu_order":0,"comment_status":"closed","ping_status":"closed","template":"elementor_header_footer","meta":{"footnotes":""},"class_list":["post-156","page","type-page","status-publish","hentry"],"_links":{"self":[{"href":"https:\/\/edit.uta.cl\/dm\/index.php\/wp-json\/wp\/v2\/pages\/156","targetHints":{"allow":["GET"]}}],"collection":[{"href":"https:\/\/edit.uta.cl\/dm\/index.php\/wp-json\/wp\/v2\/pages"}],"about":[{"href":"https:\/\/edit.uta.cl\/dm\/index.php\/wp-json\/wp\/v2\/types\/page"}],"author":[{"embeddable":true,"href":"https:\/\/edit.uta.cl\/dm\/index.php\/wp-json\/wp\/v2\/users\/1"}],"replies":[{"embeddable":true,"href":"https:\/\/edit.uta.cl\/dm\/index.php\/wp-json\/wp\/v2\/comments?post=156"}],"version-history":[{"count":64,"href":"https:\/\/edit.uta.cl\/dm\/index.php\/wp-json\/wp\/v2\/pages\/156\/revisions"}],"predecessor-version":[{"id":3771,"href":"https:\/\/edit.uta.cl\/dm\/index.php\/wp-json\/wp\/v2\/pages\/156\/revisions\/3771"}],"wp:attachment":[{"href":"https:\/\/edit.uta.cl\/dm\/index.php\/wp-json\/wp\/v2\/media?parent=156"}],"curies":[{"name":"wp","href":"https:\/\/api.w.org\/{rel}","templated":true}]}}